{"id":55,"date":"2025-03-16T17:04:06","date_gmt":"2025-03-16T17:04:06","guid":{"rendered":"https:\/\/www.ronald-christ.com\/?page_id=55"},"modified":"2025-07-21T15:17:29","modified_gmt":"2025-07-21T15:17:29","slug":"agb-datenschutz","status":"publish","type":"page","link":"https:\/\/www.ronald-christ.com\/?page_id=55","title":{"rendered":"AGB-Datenschutz"},"content":{"rendered":"\n<p class=\"has-text-color has-link-color wp-elements-c15dc1da154152fb7a236bf9b31328d1\" style=\"color:#fd0101;font-size:16px\">Diese Seite befindet sich derzeit in Vorbereitung und ist in K\u00fcrze zu sehen.<\/p>\n\n\n\n<p class=\"has-text-color has-link-color wp-elements-1f8fa561fdfd147243b9d1680a7d1099\" style=\"color:#fd0101;font-size:16px\">Bitte haben Sie noch etwas Geduld.<\/p>\n\n\n\n<p class=\"has-text-color has-link-color wp-elements-73db2226fccd4337132043d2c1b3586e\" style=\"color:#fd0101;font-size:16px\">Hinweis:<\/p>\n\n\n\n<p class=\"has-text-color has-link-color wp-elements-ea944afd61b510660580f68b3adfedc7\" style=\"color:#fd0101;font-size:16px\">Bis zur Fertigstellung dieser Seite, gelten f\u00fcr alle Aktivit\u00e4ten die jeweils g\u00fcltigen Regelungen des BGB.<\/p>\n\n\n\n<p><\/p>\n","protected":false},"excerpt":{"rendered":"<p>Diese Seite befindet sich derzeit in Vorbereitung und ist in K\u00fcrze zu sehen. Bitte haben Sie noch etwas Geduld. Hinweis: Bis zur Fertigstellung dieser Seite, gelten f\u00fcr alle Aktivit\u00e4ten die jeweils g\u00fcltigen Regelungen des BGB.<\/p>\n","protected":false},"author":1,"featured_media":0,"parent":0,"menu_order":0,"comment_status":"closed","ping_status":"closed","template":"","meta":{"footnotes":""},"_links":{"self":[{"href":"https:\/\/www.ronald-christ.com\/index.php?rest_route=\/wp\/v2\/pages\/55"}],"collection":[{"href":"https:\/\/www.ronald-christ.com\/index.php?rest_route=\/wp\/v2\/pages"}],"about":[{"href":"https:\/\/www.ronald-christ.com\/index.php?rest_route=\/wp\/v2\/types\/page"}],"author":[{"embeddable":true,"href":"https:\/\/www.ronald-christ.com\/index.php?rest_route=\/wp\/v2\/users\/1"}],"replies":[{"embeddable":true,"href":"https:\/\/www.ronald-christ.com\/index.php?rest_route=%2Fwp%2Fv2%2Fcomments&post=55"}],"version-history":[{"count":3,"href":"https:\/\/www.ronald-christ.com\/index.php?rest_route=\/wp\/v2\/pages\/55\/revisions"}],"predecessor-version":[{"id":103,"href":"https:\/\/www.ronald-christ.com\/index.php?rest_route=\/wp\/v2\/pages\/55\/revisions\/103"}],"wp:attachment":[{"href":"https:\/\/www.ronald-christ.com\/index.php?rest_route=%2Fwp%2Fv2%2Fmedia&parent=55"}],"curies":[{"name":"wp","href":"https:\/\/api.w.org\/{rel}","templated":true}]}}