{"id":11,"date":"2025-03-06T15:44:38","date_gmt":"2025-03-06T15:44:38","guid":{"rendered":"https:\/\/www.ronald-christ.com\/?page_id=11"},"modified":"2025-07-21T15:12:08","modified_gmt":"2025-07-21T15:12:08","slug":"home","status":"publish","type":"page","link":"https:\/\/www.ronald-christ.com\/","title":{"rendered":"Home"},"content":{"rendered":"\n<p class=\"has-vivid-red-color has-text-color has-link-color has-large-font-size wp-elements-a6a22cc66c6895327bc0aac975bf0bf5\"><strong>Herzlich willkommen auf meiner Website.<\/strong><\/p>\n\n\n\n<p class=\"has-vivid-red-color has-text-color has-link-color has-x-large-font-size wp-elements-bed9a63690099f2e758e352480857960\"><strong>Hier ein \u00dcberblick meiner Leistungen:<\/strong><\/p>\n\n\n\n<figure class=\"wp-block-image size-large is-resized\"><img loading=\"lazy\" decoding=\"async\" width=\"796\" height=\"1024\" src=\"https:\/\/www.ronald-christ.com\/wp-content\/uploads\/2025\/07\/Folie1-796x1024.jpg\" alt=\"\" class=\"wp-image-97\" style=\"width:838px;height:auto\" srcset=\"https:\/\/www.ronald-christ.com\/wp-content\/uploads\/2025\/07\/Folie1-796x1024.jpg 796w, https:\/\/www.ronald-christ.com\/wp-content\/uploads\/2025\/07\/Folie1-233x300.jpg 233w, https:\/\/www.ronald-christ.com\/wp-content\/uploads\/2025\/07\/Folie1-768x987.jpg 768w, https:\/\/www.ronald-christ.com\/wp-content\/uploads\/2025\/07\/Folie1-1195x1536.jpg 1195w, https:\/\/www.ronald-christ.com\/wp-content\/uploads\/2025\/07\/Folie1.jpg 1323w\" sizes=\"(max-width: 796px) 100vw, 796px\" \/><\/figure>\n\n\n\n<p class=\"has-vivid-red-color has-text-color has-link-color wp-elements-b4e43f76cf68e701feaa279d9d468c25\" style=\"font-size:14px\"><strong>Ich biete Ihnen in den hier aufgef\u00fchrten Bereichen meine Leistungen an.<\/strong><\/p>\n\n\n\n<p class=\"has-vivid-red-color has-text-color has-link-color wp-elements-51ed3a655fd5f5778bc2f0a7ad03157c\" style=\"font-size:14px\">Sollten Sie also Hilfe in diesen Fachgebieten ben\u00f6tigen, nehmen Sie einfach mit mir Kontakt auf.<\/p>\n\n\n\n<p class=\"has-vivid-red-color has-text-color has-link-color wp-elements-7cde2205f6255593cff3e02d43983fe9\" style=\"font-size:14px\"><strong><em>Gerne m\u00f6chte ich mich im Folgenden vorstellen.<\/em><\/strong><\/p>\n\n\n\n<p class=\"has-vivid-red-color has-text-color has-link-color wp-elements-91b23b43aaf2cdf1bd7855f80f4c4c03\" style=\"font-size:14px\">Ich bin gelernter Elektroistallateuer mit einer abgeschlossenen Berufsausbildung.<\/p>\n\n\n\n<p class=\"has-vivid-red-color has-text-color has-link-color wp-elements-d75997176c71fd7a5e16b79bed85b900\" style=\"font-size:14px\">Ferner bin ich Bautechniker und aufgrund meiner langj\u00e4hrigen Berufserfahrung im <strong>Hochbau, Tiefbau und Gartenbau<\/strong>, jeweils als <strong>Planer<\/strong>, <strong>Bau- und Oberbauleiter<\/strong> sowie <strong>Projektleiter<\/strong>, habe ich mir \u00fcber Jahrzehnte umfangreiches Wissen in diesen Bereichen angeeignet. Im Besonderen in den Bereichen <strong>Wohnungsbau, B\u00fcrobau und Gewerbebau<\/strong>, wo ich seit ca. 1990 auch als <strong>Freier Gutachter im Hoch- und Gartenbau <\/strong>t\u00e4tig bin.<\/p>\n\n\n\n<p class=\"has-vivid-red-color has-text-color has-link-color wp-elements-6717aeadcb3dcf741b00a519ce818aa7\" style=\"font-size:14px\">Und ich biete meine Leistungen als <strong>Bauplaner f\u00fcr Architektur, Haustechnik und Innenarchitektur<\/strong> ebenso, wie mein Fachwissen als <strong>Bauherrenberater<\/strong> an.<\/p>\n\n\n\n<p class=\"has-vivid-red-color has-text-color has-link-color wp-elements-b97f7f49b6ca73fa7d1a9bab5c9c8b24\" style=\"font-size:14px\">Au\u00dferdem bin ich bei der<strong> IHK Frankfurt<\/strong> am Main zugelassener <strong>Ausbilder<\/strong> f\u00fcr B\u00fcrokaufleute, K\u00f6che und Restaurantfachleute sowie f\u00fcr Fachkr\u00e4fte im Gastgewerbe.<\/p>\n\n\n\n<p class=\"has-vivid-red-color has-text-color has-link-color wp-elements-3cdac517a2b348321fe2d4822b14abba\" style=\"font-size:14px\">Aufgrund meiner langj\u00e4hrigen Erfahrung in der Gastronomie, bin ich ferner als <strong>Maitre de Cusine<\/strong> oder &#8222;K\u00fcchenchef&#8220; gerne auch verantwortlich, f\u00fcr einen umfangreichen und fachlich quallifizierten Ablauf in einer Gastronomiek\u00fcche jeder Gr\u00f6\u00dfenordnung.<\/p>\n\n\n\n<p class=\"has-vivid-red-color has-text-color has-link-color wp-elements-43a10c81fe3a981d7afeea5bf0735b53\" style=\"font-size:14px\">Zu Guter letzt erstelle ich gerne f\u00fcr Sie individuelle I<strong>nternetauftritte, Grafiken<\/strong> mit Widererkennungswert und <strong>Galerien<\/strong>.<\/p>\n\n\n\n<p class=\"has-luminous-vivid-orange-color has-text-color has-link-color wp-elements-9fecdec5e4dfe6ae8ca616f79495ceb6\" style=\"font-size:14px\"><strong>Zus\u00e4tzlich biete ich eine Plattform\/Forum f\u00fcr Kinder bis 14 Jahren an, um Ihnen bei extremen Problemen, sowie Notst\u00e4nde und Bedrohungen, erste Hilfe und Hilfestellung anzubieten.<\/strong><\/p>\n\n\n\n<p class=\"has-luminous-vivid-orange-color has-text-color has-link-color wp-elements-1f3b6033f5b2ff514df4a0384b277943\" style=\"font-size:14px\"><strong>Weitere Zulassungen: <\/strong> <\/p>\n\n\n\n<p class=\"has-luminous-vivid-orange-color has-text-color has-link-color wp-elements-bb02e2db45e199aed52c17e1f2d62ed6\" style=\"font-size:14px\"><strong>Zertifizierter Sehtester<\/strong> f\u00fcr F\u00fchrerscheinbewerber\/innen,       <strong>34 c <\/strong>der Gewerbeordnung<\/p>\n\n\n\n<p class=\"has-vivid-red-color has-text-color has-link-color wp-elements-25b14fb104e5dde318e95cbb3c4faafb\" style=\"font-size:14px\">Wenn Sie also in irgend einem dieser Bereiche Hilfe ben\u00f6tigen, setzen Sie sich gerne mit mir in Verbindung.<\/p>\n\n\n\n<p class=\"has-text-color has-link-color wp-elements-7d6d84a121bd9e1ffdc3246f4cd76b76\" style=\"color:#f90404;font-size:14px\"><strong>Ich erstelle f\u00fcr Sie jeweils ein individuelles Preisangebot aus und helfe in jeder Situation und in jeder Lage!<\/strong><\/p>\n\n\n\n<p class=\"has-luminous-vivid-orange-color has-text-color has-link-color has-medium-font-size wp-elements-a9aa968a74b9b54d565489429a2fa375\">Lassen Sie sich von mir Beraten.<\/p>\n\n\n\n<p class=\"has-luminous-vivid-orange-color has-text-color has-link-color has-medium-font-size wp-elements-259ad00e2a24531139c9eb272ad7e586\"><strong>Jede Erstberatung ist kostenfrei!<\/strong><\/p>\n\n\n\n<p class=\"has-medium-font-size\"><strong>Ihr Ronald Christ, <em>Allrounder <\/em><\/strong><\/p>\n","protected":false},"excerpt":{"rendered":"<p>Herzlich willkommen auf meiner Website. Hier ein \u00dcberblick meiner Leistungen: Ich biete Ihnen in den hier aufgef\u00fchrten Bereichen meine Leistungen an. Sollten Sie also Hilfe in diesen Fachgebieten ben\u00f6tigen, nehmen Sie einfach mit mir Kontakt auf. Gerne m\u00f6chte ich mich im Folgenden vorstellen. Ich bin gelernter Elektroistallateuer mit einer abgeschlossenen Berufsausbildung. Ferner bin ich Bautechniker [&hellip;]<\/p>\n","protected":false},"author":1,"featured_media":0,"parent":0,"menu_order":0,"comment_status":"closed","ping_status":"closed","template":"frontpage.php","meta":{"footnotes":""},"_links":{"self":[{"href":"https:\/\/www.ronald-christ.com\/index.php?rest_route=\/wp\/v2\/pages\/11"}],"collection":[{"href":"https:\/\/www.ronald-christ.com\/index.php?rest_route=\/wp\/v2\/pages"}],"about":[{"href":"https:\/\/www.ronald-christ.com\/index.php?rest_route=\/wp\/v2\/types\/page"}],"author":[{"embeddable":true,"href":"https:\/\/www.ronald-christ.com\/index.php?rest_route=\/wp\/v2\/users\/1"}],"replies":[{"embeddable":true,"href":"https:\/\/www.ronald-christ.com\/index.php?rest_route=%2Fwp%2Fv2%2Fcomments&post=11"}],"version-history":[{"count":5,"href":"https:\/\/www.ronald-christ.com\/index.php?rest_route=\/wp\/v2\/pages\/11\/revisions"}],"predecessor-version":[{"id":101,"href":"https:\/\/www.ronald-christ.com\/index.php?rest_route=\/wp\/v2\/pages\/11\/revisions\/101"}],"wp:attachment":[{"href":"https:\/\/www.ronald-christ.com\/index.php?rest_route=%2Fwp%2Fv2%2Fmedia&parent=11"}],"curies":[{"name":"wp","href":"https:\/\/api.w.org\/{rel}","templated":true}]}}